{"id":318,"date":"2020-10-10T07:36:58","date_gmt":"2020-10-10T05:36:58","guid":{"rendered":"http:\/\/el.commonsupport.com\/newwp\/hotera\/?page_id=318"},"modified":"2022-04-21T05:17:27","modified_gmt":"2022-04-21T03:17:27","slug":"contactenos","status":"publish","type":"page","link":"https:\/\/hoteldonfelipe.com.gt\/?page_id=318","title":{"rendered":"Cont\u00e1ctenos"},"content":{"rendered":"\t\t<div data-elementor-type=\"wp-page\" data-elementor-id=\"318\" class=\"elementor elementor-318\">\n\t\t\t\t\t\t<section class=\"elementor-section elementor-top-section elementor-element elementor-element-a7d1a16 elementor-section-boxed elementor-section-height-default elementor-section-height-default\" data-id=\"a7d1a16\" data-element_type=\"section\">\n\t\t\t\t\t\t<div class=\"elementor-container elementor-column-gap-default\">\n\t\t\t\t\t<div class=\"elementor-column elementor-col-100 elementor-top-column elementor-element elementor-element-b85e292\" data-id=\"b85e292\" data-element_type=\"column\">\n\t\t\t<div class=\"elementor-widget-wrap elementor-element-populated\">\n\t\t\t\t\t\t<div class=\"elementor-element elementor-element-73aa86d elementor-widget elementor-widget-hotera_contact_us\" data-id=\"73aa86d\" data-element_type=\"widget\" data-widget_type=\"hotera_contact_us.default\">\n\t\t\t\t<div class=\"elementor-widget-container\">\n\t\t\t        \n        <!--Contact Section-->\n        <section class=\"contact-section-two\">\n            <div class=\"auto-container clearfix\">\n                <div class=\"row clearfix\">\n    \n                    <div class=\"info-col col-lg-6 col-md-12 col-sm-12\">\n                        <div class=\"inner\">\n                            <div class=\"u-text\">Servicio de restaurante, aparcamiento privado gratuito, sal\u00f3n compartido, jard\u00edn, servicio de enlace con el aeropuerto, cocina compartida WiFi y mucho m\u00e1s.<\/div>\n    \n                            <div class=\"info\">\n                                                                <div class=\"info-block\">\n                                    <div class=\"block-inner\">\n                                        <div class=\"icon-box wow zoomInStable\" data-wow-delay=\"0ms\" data-wow-duration=\"2000ms\"><span class=\"icon flaticon-placeholder-1\"><\/span><\/div>\n                                        <h4>Direcciones<\/h4>\n                                        <div class=\"text\">4\u00aa. CALLE 4-17 ZONA 10, CIUDAD DE GUATEMALA\n<br><br>\n8\u00aa. AVENIDA 17-95 ZONA 13 AURORA 1, GUATEMALA\n<\/div>\n                                    <\/div>\n                                <\/div>\n                                                                <div class=\"info-block\">\n                                    <div class=\"block-inner\">\n                                        <div class=\"icon-box wow zoomInStable\" data-wow-delay=\"0ms\" data-wow-duration=\"2000ms\"><span class=\"icon flaticon-technology-2\"><\/span><\/div>\n                                        <h4>Tel\u00e9fonos<\/h4>\n                                        <div class=\"text\"><a>+(502)2261-2921\n<\/a> <br>\n<a href=\"tel:+(502)4740-3796\">+(502)4740-3796<\/a><\/div>\n                                    <\/div>\n                                <\/div>\n                                                                <div class=\"info-block\">\n                                    <div class=\"block-inner\">\n                                        <div class=\"icon-box wow zoomInStable\" data-wow-delay=\"0ms\" data-wow-duration=\"2000ms\"><span class=\"icon flaticon-email-1\"><\/span><\/div>\n                                        <h4>Correo Electr\u00f3nico<\/h4>\n                                        <div class=\"text\"><a href=\"mailto:info@hoteldonfelipe.com.gt\">info@hoteldonfelipe.com.gt<\/a> <br>\n<\/div>\n                                    <\/div>\n                                <\/div>\n                                                            <\/div>\n                        <\/div>\n                    <\/div>\n                    <div class=\"form-col col-lg-6 col-md-12 col-sm-12\">\n                        <div class=\"inner\">\n                            <div class=\"form-box default-form contact-form-two wow fadeInRight\" data-wow-delay=\"0ms\" data-wow-duration=\"1500ms\">\n                                <h3>\u00bfDudas o sugerencias?<\/h3>\n                                <div class=\"text\">Verifica nuestras direcciones, tel\u00e9fonos y correo electr\u00f3nico. En cualquier v\u00eda te contactar\u00e1 nuestro asesor de turno y te guiar\u00e1 en la reserva de tu habitaci\u00f3n.<\/div>\n                                \n<div class=\"wpcf7 no-js\" id=\"wpcf7-f347-o1\" lang=\"en-US\" dir=\"ltr\" data-wpcf7-id=\"347\">\n<div class=\"screen-reader-response\"><p role=\"status\" aria-live=\"polite\" aria-atomic=\"true\"><\/p> <ul><\/ul><\/div>\n<form action=\"\/index.php?rest_route=%2Fwp%2Fv2%2Fpages%2F318#wpcf7-f347-o1\" method=\"post\" class=\"wpcf7-form init\" aria-label=\"Contact form\" novalidate=\"novalidate\" data-status=\"init\">\n<div style=\"display: none;\">\n<input type=\"hidden\" name=\"_wpcf7\" value=\"347\" \/>\n<input type=\"hidden\" name=\"_wpcf7_version\" value=\"6.0\" \/>\n<input type=\"hidden\" name=\"_wpcf7_locale\" value=\"en_US\" \/>\n<input type=\"hidden\" name=\"_wpcf7_unit_tag\" value=\"wpcf7-f347-o1\" \/>\n<input type=\"hidden\" name=\"_wpcf7_container_post\" value=\"0\" \/>\n<input type=\"hidden\" name=\"_wpcf7_posted_data_hash\" value=\"\" \/>\n<input type=\"hidden\" name=\"_wpcf7_recaptcha_response\" value=\"\" \/>\n<\/div>\n<div class=\"form-group\">\n\t<div class=\"field-inner\">\n\t\t<p><span class=\"wpcf7-form-control-wrap\" data-name=\"text-445\"><input size=\"40\" maxlength=\"400\" class=\"wpcf7-form-control wpcf7-text wpcf7-validates-as-required\" aria-required=\"true\" aria-invalid=\"false\" placeholder=\"Tu Nombre\" value=\"\" type=\"text\" name=\"text-445\" \/><\/span>\n\t\t<\/p>\n\t<\/div>\n<\/div>\n<div class=\"form-group\">\n\t<div class=\"field-inner\">\n\t\t<p><span class=\"wpcf7-form-control-wrap\" data-name=\"text-446\"><input size=\"40\" maxlength=\"400\" class=\"wpcf7-form-control wpcf7-text wpcf7-validates-as-required\" aria-required=\"true\" aria-invalid=\"false\" placeholder=\"Apellido\" value=\"\" type=\"text\" name=\"text-446\" \/><\/span>\n\t\t<\/p>\n\t<\/div>\n<\/div>\n<div class=\"form-group\">\n\t<div class=\"field-inner\">\n\t\t<p><span class=\"wpcf7-form-control-wrap\" data-name=\"email-507\"><input size=\"40\" maxlength=\"400\" class=\"wpcf7-form-control wpcf7-email wpcf7-validates-as-required wpcf7-text wpcf7-validates-as-email\" aria-required=\"true\" aria-invalid=\"false\" placeholder=\"Correo Electr\u00f3nico\" value=\"\" type=\"email\" name=\"email-507\" \/><\/span>\n\t\t<\/p>\n\t<\/div>\n<\/div>\n<div class=\"form-group\">\n\t<div class=\"field-inner\">\n\t\t<p><span class=\"wpcf7-form-control-wrap\" data-name=\"text-447\"><input size=\"40\" maxlength=\"400\" class=\"wpcf7-form-control wpcf7-text wpcf7-validates-as-required\" aria-required=\"true\" aria-invalid=\"false\" placeholder=\"Tel\u00e9fono\" value=\"\" type=\"text\" name=\"text-447\" \/><\/span>\n\t\t<\/p>\n\t<\/div>\n<\/div>\n<div class=\"form-group\">\n\t<div class=\"field-inner\">\n\t\t<p><span class=\"wpcf7-form-control-wrap\" data-name=\"textarea-261\"><textarea cols=\"40\" rows=\"10\" maxlength=\"2000\" class=\"wpcf7-form-control wpcf7-textarea\" aria-invalid=\"false\" placeholder=\"Mensaje\" name=\"textarea-261\"><\/textarea><\/span>\n\t\t<\/p>\n\t<\/div>\n<\/div>\n<div class=\"form-group\">\n\t<p><button class=\"theme-btn btn-style-one\"><span class=\"btn-title\">Enviar Mensaje<\/span><\/button>\n\t<\/p>\n<\/div><div class=\"wpcf7-response-output\" aria-hidden=\"true\"><\/div>\n<\/form>\n<\/div>\n                            <\/div>\n                        <\/div>\n                    <\/div>\n    \n                <\/div>\n            <\/div>\n        <\/section>\n        \n\t\t\t\t<\/div>\n\t\t\t\t<\/div>\n\t\t\t\t\t<\/div>\n\t\t<\/div>\n\t\t\t\t\t<\/div>\n\t\t<\/section>\n\t\t\t\t<section class=\"elementor-section elementor-top-section elementor-element elementor-element-30a0823 elementor-section-boxed elementor-section-height-default elementor-section-height-default\" data-id=\"30a0823\" data-element_type=\"section\">\n\t\t\t\t\t\t<div class=\"elementor-container elementor-column-gap-default\">\n\t\t\t\t\t<div class=\"elementor-column elementor-col-100 elementor-top-column elementor-element elementor-element-648fb64\" data-id=\"648fb64\" data-element_type=\"column\">\n\t\t\t<div class=\"elementor-widget-wrap elementor-element-populated\">\n\t\t\t\t\t\t<div class=\"elementor-element elementor-element-3bb42cd elementor-widget elementor-widget-text-editor\" data-id=\"3bb42cd\" data-element_type=\"widget\" data-widget_type=\"text-editor.default\">\n\t\t\t\t<div class=\"elementor-widget-container\">\n\t\t\t\t\t\t\t<p><iframe style=\"border: 0;\" src=\"https:\/\/www.google.com\/maps\/embed?pb=!1m18!1m12!1m3!1d3860.8129839811118!2d-90.51345408559352!3d14.60972698979663!2m3!1f0!2f0!3f0!3m2!1i1024!2i768!4f13.1!3m3!1m2!1s0x8589a331232befd9%3A0x2266d2a2becf138d!2sHotel%20Don%20Felipe!5e0!3m2!1ses!2sgt!4v1650510835682!5m2!1ses!2sgt\" width=\"800\" height=\"600\" allowfullscreen=\"allowfullscreen\"><\/iframe><\/p>\t\t\t\t\t\t<\/div>\n\t\t\t\t<\/div>\n\t\t\t\t\t<\/div>\n\t\t<\/div>\n\t\t\t\t\t<\/div>\n\t\t<\/section>\n\t\t\t\t<\/div>\n\t\t","protected":false},"excerpt":{"rendered":"<p>Servicio de restaurante, aparcamiento privado gratuito, sal\u00f3n compartido, jard\u00edn, servicio de enlace con el aeropuerto, cocina compartida WiFi y mucho m\u00e1s. Direcciones 4\u00aa. CALLE 4-17 ZONA 10, CIUDAD DE GUATEMALA [&hellip;]<\/p>\n","protected":false},"author":1,"featured_media":0,"parent":0,"menu_order":0,"comment_status":"closed","ping_status":"closed","template":"tpl-default-elementor.php","meta":{"footnotes":""},"class_list":["post-318","page","type-page","status-publish","hentry"],"_links":{"self":[{"href":"https:\/\/hoteldonfelipe.com.gt\/index.php?rest_route=\/wp\/v2\/pages\/318","targetHints":{"allow":["GET"]}}],"collection":[{"href":"https:\/\/hoteldonfelipe.com.gt\/index.php?rest_route=\/wp\/v2\/pages"}],"about":[{"href":"https:\/\/hoteldonfelipe.com.gt\/index.php?rest_route=\/wp\/v2\/types\/page"}],"author":[{"embeddable":true,"href":"https:\/\/hoteldonfelipe.com.gt\/index.php?rest_route=\/wp\/v2\/users\/1"}],"replies":[{"embeddable":true,"href":"https:\/\/hoteldonfelipe.com.gt\/index.php?rest_route=%2Fwp%2Fv2%2Fcomments&post=318"}],"version-history":[{"count":17,"href":"https:\/\/hoteldonfelipe.com.gt\/index.php?rest_route=\/wp\/v2\/pages\/318\/revisions"}],"predecessor-version":[{"id":822,"href":"https:\/\/hoteldonfelipe.com.gt\/index.php?rest_route=\/wp\/v2\/pages\/318\/revisions\/822"}],"wp:attachment":[{"href":"https:\/\/hoteldonfelipe.com.gt\/index.php?rest_route=%2Fwp%2Fv2%2Fmedia&parent=318"}],"curies":[{"name":"wp","href":"https:\/\/api.w.org\/{rel}","templated":true}]}}