{"id":7,"date":"2022-03-18T00:56:16","date_gmt":"2022-03-18T06:56:16","guid":{"rendered":"https:\/\/hoteldonfelipe.com.gt\/?page_id=7"},"modified":"2022-04-27T21:16:09","modified_gmt":"2022-04-28T03:16:09","slug":"habitaciones","status":"publish","type":"page","link":"https:\/\/hoteldonfelipe.com.gt\/?page_id=7","title":{"rendered":"Habitaciones"},"content":{"rendered":"\t\t<div class=\"container room-container\">\n\t\t\t\t<div class=\"sort-by-wrapper\">\n\t\t\t\t<div class=\"show-number\">\n\t\t\tShowing the last items of 6 results.\t\t<\/div>\n\n\t\t<div class=\"sort-by\">\n\t\t\t<span class=\"sort-by__label\">Sort By :<\/span>\n\t\t\t<div class=\"select\">\n\t\t\t\t<div class=\"toggle\">\n\t\t\t\t\tDefault (Newest)\t\t\t\t<\/div>\n\t\t\t\t<ul class=\"sort-by__list\">\n\t\t\t\t\t\t\t\t\t\t\t<li class=\"sort-by__list-item active\" data-value=\"date-desc\">\n\t\t\t\t\t\t\tDefault (Newest)\t\t\t\t\t\t<\/li>\n\t\t\t\t\t\t\t\t\t\t\t\t<li class=\"sort-by__list-item\" data-value=\"date-asc\">\n\t\t\t\t\t\t\tOldest\t\t\t\t\t\t<\/li>\n\t\t\t\t\t\t\t\t\t\t\t\t<li class=\"sort-by__list-item\" data-value=\"title-asc\">\n\t\t\t\t\t\t\tA to Z\t\t\t\t\t\t<\/li>\n\t\t\t\t\t\t\t\t\t\t\t\t<li class=\"sort-by__list-item\" data-value=\"title-desc\">\n\t\t\t\t\t\t\tZ to A\t\t\t\t\t\t<\/li>\n\t\t\t\t\t\t\t\t\t\t<\/ul>\n\t\t\t<\/div>\n\t\t<\/div>\n\t\t\t<\/div>\n\n<ul class=\"rooms tp-hotel-booking hb-catalog-column-4\">\n<li id=\"room-870\" class=\"post-870 hb_room type-hb_room status-publish has-post-thumbnail hentry hb_room_type-zona-13\">\n\n\t\n    <div class=\"summary entry-summary\">\n\n\t\t\n<div class=\"media\">\n    <a href=\"https:\/\/hoteldonfelipe.com.gt\/?hb_room=habitacion-triple\"><img fetchpriority=\"high\" decoding=\"async\" src=\"https:\/\/hoteldonfelipe.com.gt\/wp-content\/uploads\/2022\/04\/WhatsApp-Image-2022-04-18-at-9.59.52-AM-4-270x270.jpeg\" width=\"270\" height=\"270\" alt=\"\"\/><\/a>\n<\/div>\n<div class=\"title\">\n    <h4>\n        <a href=\"\">Habitaci\u00f3n Triple<\/a>\n    <\/h4>\n<\/div>\n\r\n\r\n    <div class=\"price\">\r\n        <span class=\"title-price\">Price<\/span>\r\n\r\n\t\t            <span class=\"price_value price_min\">&#36;85.0<\/span>\r\n\t\t\r\n        <span class=\"unit\">Night<\/span>\r\n    <\/div>\r\n\r\n\n    <\/div><!-- .summary -->\n\n\t\n<\/li>\n\n\n<li id=\"room-864\" class=\"post-864 hb_room type-hb_room status-publish has-post-thumbnail hentry hb_room_type-zona-13\">\n\n\t\n    <div class=\"summary entry-summary\">\n\n\t\t\n<div class=\"media\">\n    <a href=\"https:\/\/hoteldonfelipe.com.gt\/?hb_room=habitacion-triple-basica-con-bano-compartido\"><img decoding=\"async\" src=\"https:\/\/hoteldonfelipe.com.gt\/wp-content\/uploads\/2022\/04\/WhatsApp-Image-2022-04-18-at-9.59.53-AM-1-1-270x270.jpeg\" width=\"270\" height=\"270\" alt=\"\"\/><\/a>\n<\/div>\n<div class=\"title\">\n    <h4>\n        <a href=\"\">Habitaci\u00f3n Triple B\u00e1sica con Ba\u00f1o Compartido<\/a>\n    <\/h4>\n<\/div>\n\r\n\r\n    <div class=\"price\">\r\n        <span class=\"title-price\">Price<\/span>\r\n\r\n\t\t            <span class=\"price_value price_min\">&#36;72.0<\/span>\r\n\t\t\r\n        <span class=\"unit\">Night<\/span>\r\n    <\/div>\r\n\r\n\n    <\/div><!-- .summary -->\n\n\t\n<\/li>\n\n\n<li id=\"room-855\" class=\"post-855 hb_room type-hb_room status-publish has-post-thumbnail hentry hb_room_type-zona-13\">\n\n\t\n    <div class=\"summary entry-summary\">\n\n\t\t\n<div class=\"media\">\n    <a href=\"https:\/\/hoteldonfelipe.com.gt\/?hb_room=habitacion-estandar-con-bano-compartido-2-camas\"><img decoding=\"async\" src=\"https:\/\/hoteldonfelipe.com.gt\/wp-content\/uploads\/2022\/04\/WhatsApp-Image-2022-04-18-at-9.59.52-AM-2-270x270.jpeg\" width=\"270\" height=\"270\" alt=\"\"\/><\/a>\n<\/div>\n<div class=\"title\">\n    <h4>\n        <a href=\"\">Habitaci\u00f3n Est\u00e1ndar con Ba\u00f1o Compartido 2 Camas<\/a>\n    <\/h4>\n<\/div>\n\r\n\r\n    <div class=\"price\">\r\n        <span class=\"title-price\">Price<\/span>\r\n\r\n\t\t            <span class=\"price_value price_min\">&#36;56.0<\/span>\r\n\t\t\r\n        <span class=\"unit\">Night<\/span>\r\n    <\/div>\r\n\r\n    <div class=\"rating\">\r\n\t\t    <\/div>\r\n\n    <\/div><!-- .summary -->\n\n\t\n<\/li>\n\n\n<li id=\"room-846\" class=\"post-846 hb_room type-hb_room status-publish has-post-thumbnail hentry hb_room_type-zona-10\">\n\n\t\n    <div class=\"summary entry-summary\">\n\n\t\t\n<div class=\"media\">\n    <a href=\"https:\/\/hoteldonfelipe.com.gt\/?hb_room=habitacion-familiar-con-bano-privado\"><img loading=\"lazy\" decoding=\"async\" src=\"https:\/\/hoteldonfelipe.com.gt\/wp-content\/uploads\/2022\/04\/WhatsApp-Image-2022-04-18-at-9.59.53-AM-5-270x270.jpeg\" width=\"270\" height=\"270\" alt=\"\"\/><\/a>\n<\/div>\n<div class=\"title\">\n    <h4>\n        <a href=\"\">Habitaci\u00f3n Familiar con Ba\u00f1o Privado<\/a>\n    <\/h4>\n<\/div>\n\r\n\r\n    <div class=\"price\">\r\n        <span class=\"title-price\">Price<\/span>\r\n\r\n\t\t            <span class=\"price_value price_min\">&#36;156.0<\/span>\r\n\t\t\r\n        <span class=\"unit\">Night<\/span>\r\n    <\/div>\r\n\r\n\n    <\/div><!-- .summary -->\n\n\t\n<\/li>\n\n\n<li id=\"room-842\" class=\"post-842 hb_room type-hb_room status-publish has-post-thumbnail hentry hb_room_type-zona-10\">\n\n\t\n    <div class=\"summary entry-summary\">\n\n\t\t\n<div class=\"media\">\n    <a href=\"https:\/\/hoteldonfelipe.com.gt\/?hb_room=habitacion-doble-con-bano-privado\"><img loading=\"lazy\" decoding=\"async\" src=\"https:\/\/hoteldonfelipe.com.gt\/wp-content\/uploads\/2022\/04\/WhatsApp-Image-2022-04-18-at-9.59.52-AM-3-270x270.jpeg\" width=\"270\" height=\"270\" alt=\"\"\/><\/a>\n<\/div>\n<div class=\"title\">\n    <h4>\n        <a href=\"\">Habitaci\u00f3n Doble con Ba\u00f1o Privado<\/a>\n    <\/h4>\n<\/div>\n\r\n\r\n    <div class=\"price\">\r\n        <span class=\"title-price\">Price<\/span>\r\n\r\n\t\t            <span class=\"price_value price_min\">&#36;59.0<\/span>\r\n\t\t\r\n        <span class=\"unit\">Night<\/span>\r\n    <\/div>\r\n\r\n\n    <\/div><!-- .summary -->\n\n\t\n<\/li>\n\n\n<li id=\"room-829\" class=\"post-829 hb_room type-hb_room status-publish has-post-thumbnail hentry hb_room_type-zona-10\">\n\n\t\n    <div class=\"summary entry-summary\">\n\n\t\t\n<div class=\"media\">\n    <a href=\"https:\/\/hoteldonfelipe.com.gt\/?hb_room=habitacion-triple-con-bano-privado\"><img loading=\"lazy\" decoding=\"async\" src=\"https:\/\/hoteldonfelipe.com.gt\/wp-content\/uploads\/2022\/04\/WhatsApp-Image-2022-04-18-at-9.59.53-AM-1-270x270.jpeg\" width=\"270\" height=\"270\" alt=\"\"\/><\/a>\n<\/div>\n<div class=\"title\">\n    <h4>\n        <a href=\"\">Habitaci\u00f3n Triple con Ba\u00f1o Privado<\/a>\n    <\/h4>\n<\/div>\n\r\n\r\n    <div class=\"price\">\r\n        <span class=\"title-price\">Price<\/span>\r\n\r\n\t\t            <span class=\"price_value price_min\">&#36;85.0<\/span>\r\n\t\t\r\n        <span class=\"unit\">Night<\/span>\r\n    <\/div>\r\n\r\n\n    <\/div><!-- .summary -->\n\n\t\n<\/li>\n\n\n<\/ul>\n\n\t\t<\/div>\n\t\t\n","protected":false},"excerpt":{"rendered":"","protected":false},"author":1,"featured_media":0,"parent":0,"menu_order":0,"comment_status":"closed","ping_status":"closed","template":"","meta":{"footnotes":""},"class_list":["post-7","page","type-page","status-publish","hentry"],"_links":{"self":[{"href":"https:\/\/hoteldonfelipe.com.gt\/index.php?rest_route=\/wp\/v2\/pages\/7","targetHints":{"allow":["GET"]}}],"collection":[{"href":"https:\/\/hoteldonfelipe.com.gt\/index.php?rest_route=\/wp\/v2\/pages"}],"about":[{"href":"https:\/\/hoteldonfelipe.com.gt\/index.php?rest_route=\/wp\/v2\/types\/page"}],"author":[{"embeddable":true,"href":"https:\/\/hoteldonfelipe.com.gt\/index.php?rest_route=\/wp\/v2\/users\/1"}],"replies":[{"embeddable":true,"href":"https:\/\/hoteldonfelipe.com.gt\/index.php?rest_route=%2Fwp%2Fv2%2Fcomments&post=7"}],"version-history":[{"count":1,"href":"https:\/\/hoteldonfelipe.com.gt\/index.php?rest_route=\/wp\/v2\/pages\/7\/revisions"}],"predecessor-version":[{"id":882,"href":"https:\/\/hoteldonfelipe.com.gt\/index.php?rest_route=\/wp\/v2\/pages\/7\/revisions\/882"}],"wp:attachment":[{"href":"https:\/\/hoteldonfelipe.com.gt\/index.php?rest_route=%2Fwp%2Fv2%2Fmedia&parent=7"}],"curies":[{"name":"wp","href":"https:\/\/api.w.org\/{rel}","templated":true}]}}